{"id":1244,"date":"2024-01-08T21:18:15","date_gmt":"2024-01-09T00:18:15","guid":{"rendered":"http:\/\/greenducktechcenter.com\/?page_id=1244"},"modified":"2025-06-06T19:01:05","modified_gmt":"2025-06-06T22:01:05","slug":"quem-somos","status":"publish","type":"page","link":"https:\/\/greenducktechcenter.com\/pl\/quem-somos\/","title":{"rendered":"Kim jeste\u015bmy"},"content":{"rendered":"<div class=\"elementor-element elementor-element-433b0d89 e-flex e-con-boxed e-con e-parent\" data-id=\"433b0d89\" data-element_type=\"container\" data-settings=\"{&quot;content_width&quot;:&quot;boxed&quot;}\" data-core-v316-plus=\"true\">\n<div class=\"e-con-inner\">\n<div class=\"elementor-element elementor-element-401251ec elementor-widget elementor-widget-text-editor\" data-id=\"401251ec\" data-element_type=\"widget\" data-widget_type=\"text-editor.default\">\n<div class=\"elementor-widget-container\">\n<p>Bem-vindo ao Green Duck , o seu ponto de refer\u00eancia no vasto universo tecnol\u00f3gico! Somos uma equipe apaixonada por gadgets, inova\u00e7\u00e3o e por desvendar os segredos por tr\u00e1s das mais recentes tend\u00eancias tecnol\u00f3gicas. Nosso objetivo \u00e9 fornecer a voc\u00ea, caro leitor, an\u00e1lises abrangentes e imparciais, ajudando-o a tomar decis\u00f5es informadas no mundo em constante evolu\u00e7\u00e3o dos dispositivos eletr\u00f4nicos .Aqui, voc\u00ea encontrar\u00e1 resenhas detalhadas, insights especializados e informa\u00e7\u00f5es valiosas sobre os mais recentes smartphones, laptops, dispositivos inteligentes e tudo o que est\u00e1 redefinindo os limites da tecnologia. Queremos simplificar a complexidade tecnol\u00f3gica, tornando-a acess\u00edvel a todos os n\u00edveis de conhecimento.<\/p>\n<p>Al\u00e9m disso, n\u00e3o estamos apenas aqui para apresentar avalia\u00e7\u00f5es \u2013 nossa comunidade \u00e9 parte fundamental do nosso espa\u00e7o. Convidamos voc\u00ea a participar, compartilhar suas opini\u00f5es, fazer perguntas e se envolver em discuss\u00f5es animadas com outros entusiastas por tecnologia.<\/p>\n<p>Nosso compromisso \u00e9 fornecer informa\u00e7\u00f5es atualizadas e confi\u00e1veis para que voc\u00ea possa ficar por dentro das novidades do mundo tech. Junte-se a n\u00f3s nessa jornada de explora\u00e7\u00e3o e descoberta tecnol\u00f3gica. Estamos aqui para ser seu guia confi\u00e1vel no fascinante universo dos gadgets e da inova\u00e7\u00e3o!<\/p>\n<\/div>\n<\/div>\n<\/div>\n<\/div>\n<div class=\"elementor-element elementor-element-2be3038 e-flex e-con-boxed e-con e-parent\" data-id=\"2be3038\" data-element_type=\"container\" data-settings=\"{&quot;content_width&quot;:&quot;boxed&quot;}\" data-core-v316-plus=\"true\">\n<div class=\"e-con-inner\">\n<div class=\"elementor-element elementor-element-94036cb elementor-widget elementor-widget-image\" data-id=\"94036cb\" data-element_type=\"widget\" data-widget_type=\"image.default\"><\/div>\n<\/div>\n<\/div>","protected":false},"excerpt":{"rendered":"<p>Bem-vindo ao Green Duck , o seu ponto de refer\u00eancia no vasto universo tecnol\u00f3gico! Somos uma equipe apaixonada por gadgets, inova\u00e7\u00e3o e por desvendar os&#8230;<\/p>","protected":false},"author":1,"featured_media":0,"parent":0,"menu_order":0,"comment_status":"closed","ping_status":"closed","template":"","meta":{"footnotes":""},"class_list":["post-1244","page","type-page","status-publish","hentry"],"_links":{"self":[{"href":"https:\/\/greenducktechcenter.com\/pl\/wp-json\/wp\/v2\/pages\/1244","targetHints":{"allow":["GET"]}}],"collection":[{"href":"https:\/\/greenducktechcenter.com\/pl\/wp-json\/wp\/v2\/pages"}],"about":[{"href":"https:\/\/greenducktechcenter.com\/pl\/wp-json\/wp\/v2\/types\/page"}],"author":[{"embeddable":true,"href":"https:\/\/greenducktechcenter.com\/pl\/wp-json\/wp\/v2\/users\/1"}],"replies":[{"embeddable":true,"href":"https:\/\/greenducktechcenter.com\/pl\/wp-json\/wp\/v2\/comments?post=1244"}],"version-history":[{"count":2,"href":"https:\/\/greenducktechcenter.com\/pl\/wp-json\/wp\/v2\/pages\/1244\/revisions"}],"predecessor-version":[{"id":2987,"href":"https:\/\/greenducktechcenter.com\/pl\/wp-json\/wp\/v2\/pages\/1244\/revisions\/2987"}],"wp:attachment":[{"href":"https:\/\/greenducktechcenter.com\/pl\/wp-json\/wp\/v2\/media?parent=1244"}],"curies":[{"name":"wp","href":"https:\/\/api.w.org\/{rel}","templated":true}]}}