{"id":1250,"date":"2024-01-08T21:21:24","date_gmt":"2024-01-09T00:21:24","guid":{"rendered":"http:\/\/greenducktechcenter.com\/?page_id=1250"},"modified":"2025-06-06T19:01:32","modified_gmt":"2025-06-06T22:01:32","slug":"termos-de-uso","status":"publish","type":"page","link":"https:\/\/greenducktechcenter.com\/pl\/termos-de-uso\/","title":{"rendered":"Warunki korzystania"},"content":{"rendered":"<p><strong>Bem-vindo \u00e0 Pol\u00edtica de Cookies do greenducktechcenter<\/strong><\/p>\n<p><strong>Czym s\u0105 pliki cookie?<\/strong> No greenducktechcenter, assim como em muitos sites, utilizamos cookies &#8211; pequenos arquivos que melhoram sua experi\u00eancia de navega\u00e7\u00e3o. Eles s\u00e3o transferidos para o seu dispositivo e ajudam a personalizar e otimizar sua intera\u00e7\u00e3o conosco. Esta se\u00e7\u00e3o explica o que os cookies coletam, como os utilizamos e, em certos casos, a necessidade de armazen\u00e1-los. Tamb\u00e9m detalharemos como voc\u00ea pode rejeitar esses cookies, embora isso possa impactar a funcionalidade do site.<\/p>\n<p><strong>Por que Usamos Cookies?<\/strong> Nossa utiliza\u00e7\u00e3o de cookies serve a v\u00e1rias finalidades essenciais. Frequentemente, n\u00e3o h\u00e1 alternativa padr\u00e3o no setor para desativar cookies sem comprometer as funcionalidades do site. Por isso, sugerimos manter os cookies ativos, a menos que voc\u00ea esteja certo de n\u00e3o precisar deles.<\/p>\n<p><strong>Como Bloquear Cookies<\/strong> Para bloquear cookies, ajuste as configura\u00e7\u00f5es do seu navegador. Lembre-se, no entanto, que desativ\u00e1-los pode afetar a experi\u00eancia n\u00e3o s\u00f3 no nosso site, mas em outros que voc\u00ea visita.<\/p>\n<p><strong>Tipos de Cookies que Utilizamos<\/strong><\/p>\n<ol>\n<li><strong>Pliki cookie konfiguracji witryny<\/strong>: Usados para personalizar sua experi\u00eancia, lembrando suas prefer\u00eancias para visitas futuras.<\/li>\n<li><strong>Pliki cookie partner\u00f3w<\/strong>: Empregamos cookies de empresas parceiras para fun\u00e7\u00f5es espec\u00edficas, cujos detalhes forneceremos adiante.<\/li>\n<\/ol>\n<p><strong>Ferramentas de An\u00e1lise e Publicidade<\/strong><\/p>\n<ol>\n<li><strong>Analiza Google<\/strong>: Para entender sua intera\u00e7\u00e3o com nosso site e aprimor\u00e1-la, usamos o Google Analytics. Estes cookies monitoram aspectos como a dura\u00e7\u00e3o da sua visita e as p\u00e1ginas que voc\u00ea acessa.<\/li>\n<li><strong>AdSense Google<\/strong>: Para exibir publicidade relevante, utilizamos o AdSense, que usa um cookie da DoubleClick.<\/li>\n<\/ol>\n<p><strong>Informacje dodatkowe<\/strong> Esperamos que esta pol\u00edtica esclare\u00e7a a import\u00e2ncia dos cookies. Manter os cookies ativos \u00e9 recomendado para uma experi\u00eancia otimizada no site. Para mais informa\u00e7\u00f5es, entre em contato conosco em: <a target=\"_new\" rel=\"noopener\">kontakt@greenducktechcenter.com<\/a>.<\/p>","protected":false},"excerpt":{"rendered":"<p>Bem-vindo \u00e0 Pol\u00edtica de Cookies do greenducktechcenter O que s\u00e3o Cookies? No greenducktechcenter, assim como em muitos sites, utilizamos cookies &#8211; pequenos arquivos que melhoram&#8230;<\/p>","protected":false},"author":1,"featured_media":0,"parent":0,"menu_order":0,"comment_status":"closed","ping_status":"closed","template":"","meta":{"footnotes":""},"class_list":["post-1250","page","type-page","status-publish","hentry"],"_links":{"self":[{"href":"https:\/\/greenducktechcenter.com\/pl\/wp-json\/wp\/v2\/pages\/1250","targetHints":{"allow":["GET"]}}],"collection":[{"href":"https:\/\/greenducktechcenter.com\/pl\/wp-json\/wp\/v2\/pages"}],"about":[{"href":"https:\/\/greenducktechcenter.com\/pl\/wp-json\/wp\/v2\/types\/page"}],"author":[{"embeddable":true,"href":"https:\/\/greenducktechcenter.com\/pl\/wp-json\/wp\/v2\/users\/1"}],"replies":[{"embeddable":true,"href":"https:\/\/greenducktechcenter.com\/pl\/wp-json\/wp\/v2\/comments?post=1250"}],"version-history":[{"count":2,"href":"https:\/\/greenducktechcenter.com\/pl\/wp-json\/wp\/v2\/pages\/1250\/revisions"}],"predecessor-version":[{"id":2988,"href":"https:\/\/greenducktechcenter.com\/pl\/wp-json\/wp\/v2\/pages\/1250\/revisions\/2988"}],"wp:attachment":[{"href":"https:\/\/greenducktechcenter.com\/pl\/wp-json\/wp\/v2\/media?parent=1250"}],"curies":[{"name":"wp","href":"https:\/\/api.w.org\/{rel}","templated":true}]}}